{"id":135,"date":"2013-01-27T17:53:02","date_gmt":"2013-01-27T15:53:02","guid":{"rendered":"http:\/\/www.kokodo-jujutsu.at\/dojo\/?page_id=135"},"modified":"2025-09-02T10:34:10","modified_gmt":"2025-09-02T08:34:10","slug":"impressum","status":"publish","type":"page","link":"http:\/\/www.kokodo-jujutsu.at\/dojo\/impressum\/","title":{"rendered":"IMPRESSUM"},"content":{"rendered":"<div id=\"fb-root\"><\/div>\n<p>Impressum gem\u00e4\u00df \u00a725 Mediengesetz:<\/p>\n<p>Betreiber<br \/>\nVerein Sportunion Kokodo Ju Jutsu &#8211; Makoto Dojo<br \/>\nZVR#\u00a0292775282<br \/>\nVereinssitz Wien<\/p>\n<p>Haftungsausschlu\u00df gen\u00e4\u00df OGH Spruch 4 Ob 274\/00y<\/p>\n<p>Diese Website enth\u00e4lt Links zu externen Webseiten Dritter, auf deren Inhalte wir keinen Einfluss haben.<br \/>\nDeshalb k\u00f6nnen wir f\u00fcr diese fremden Inhalte auch keine Gew\u00e4hr \u00fcbernehmen.<br \/>\nF\u00fcr die Inhalte der verlinkten Seiten ist stets der jeweilige Anbieter oder Betreiber der Seiten verantwortlich.<br \/>\nBei bekannt werden von Rechtsverletzungen werden wir derartige Links umgehend entfernen.<\/p>\n<p>Design by <a href=\"www.wasteco.eu\">Wasteco.eu<\/a> powered by <a href=\"http:\/\/www.wordpress.org\" target=\"_blank\" rel=\"noopener\">WordPress<\/a><\/p>\n","protected":false},"excerpt":{"rendered":"<p>Impressum gem\u00e4\u00df \u00a725 Mediengesetz: Betreiber Verein Sportunion Kokodo Ju Jutsu &#8211; Makoto Dojo ZVR#\u00a0292775282 Vereinssitz Wien Haftungsausschlu\u00df gen\u00e4\u00df OGH Spruch 4 Ob 274\/00y Diese Website enth\u00e4lt Links zu externen Webseiten &hellip; <a class=\"readmore\" href=\"http:\/\/www.kokodo-jujutsu.at\/dojo\/impressum\/\">weiterlesen &rarr;<\/a><\/p>\n","protected":false},"author":1,"featured_media":0,"parent":0,"menu_order":0,"comment_status":"closed","ping_status":"closed","template":"","meta":{"ngg_post_thumbnail":0,"footnotes":""},"_links":{"self":[{"href":"http:\/\/www.kokodo-jujutsu.at\/dojo\/wp-json\/wp\/v2\/pages\/135"}],"collection":[{"href":"http:\/\/www.kokodo-jujutsu.at\/dojo\/wp-json\/wp\/v2\/pages"}],"about":[{"href":"http:\/\/www.kokodo-jujutsu.at\/dojo\/wp-json\/wp\/v2\/types\/page"}],"author":[{"embeddable":true,"href":"http:\/\/www.kokodo-jujutsu.at\/dojo\/wp-json\/wp\/v2\/users\/1"}],"replies":[{"embeddable":true,"href":"http:\/\/www.kokodo-jujutsu.at\/dojo\/wp-json\/wp\/v2\/comments?post=135"}],"version-history":[{"count":9,"href":"http:\/\/www.kokodo-jujutsu.at\/dojo\/wp-json\/wp\/v2\/pages\/135\/revisions"}],"predecessor-version":[{"id":1892,"href":"http:\/\/www.kokodo-jujutsu.at\/dojo\/wp-json\/wp\/v2\/pages\/135\/revisions\/1892"}],"wp:attachment":[{"href":"http:\/\/www.kokodo-jujutsu.at\/dojo\/wp-json\/wp\/v2\/media?parent=135"}],"curies":[{"name":"wp","href":"https:\/\/api.w.org\/{rel}","templated":true}]}}