{"id":208,"date":"2013-01-28T14:56:26","date_gmt":"2013-01-28T12:56:26","guid":{"rendered":"http:\/\/www.kokodo-jujutsu.at\/dojo\/?page_id=208"},"modified":"2025-09-02T10:34:14","modified_gmt":"2025-09-02T08:34:14","slug":"news","status":"publish","type":"page","link":"http:\/\/www.kokodo-jujutsu.at\/dojo\/news\/","title":{"rendered":"NEWS"},"content":{"rendered":"<div id=\"fb-root\"><\/div>\n<hr>\n<div class=\"tpg-get-posts\" ><div class=\"tpg-get-posts-post\" ><div class=\"tpg-title-class\"><h2><a href=\"http:\/\/www.kokodo-jujutsu.at\/dojo\/neue-saison\/\" >Neue Saison<\/a><\/h2><\/div><div  class=\"tpg-byline-class\">By doc  on August 20, 2025<\/div><div id=\"fb-root\"><\/div>\n<div class=\"tpg-content-class\"><a href=\"http:\/\/www.kokodo-jujutsu.at\/dojo\/neue-saison\/\"><div class=\"tpg-thumbnail-class\"><\/div><\/a>\n<p>Unser Training beginnt wieder am 9. September , wir w\u00fcrden uns freuen, euch auf der Matte begr\u00fc\u00dfen zu d\u00fcrfen <\/p>\n\n\n\n<figure class=\"wp-block-image size-large\"><a href=\"https:\/\/www.kokodo-jujutsu.at\/dojo\/wp-content\/uploads\/2025\/08\/kkdfold25-scaled.jpg\"><img loading=\"lazy\" decoding=\"async\" width=\"724\" height=\"1024\" src=\"https:\/\/www.kokodo-jujutsu.at\/dojo\/wp-content\/uploads\/2025\/08\/kkdfold25-724x1024.jpg\" alt=\"\" class=\"wp-image-1888\" srcset=\"http:\/\/www.kokodo-jujutsu.at\/dojo\/wp-content\/uploads\/2025\/08\/kkdfold25-724x1024.jpg 724w, http:\/\/www.kokodo-jujutsu.at\/dojo\/wp-content\/uploads\/2025\/08\/kkdfold25-212x300.jpg 212w, http:\/\/www.kokodo-jujutsu.at\/dojo\/wp-content\/uploads\/2025\/08\/kkdfold25-768x1086.jpg 768w, http:\/\/www.kokodo-jujutsu.at\/dojo\/wp-content\/uploads\/2025\/08\/kkdfold25-1086x1536.jpg 1086w, http:\/\/www.kokodo-jujutsu.at\/dojo\/wp-content\/uploads\/2025\/08\/kkdfold25-1448x2048.jpg 1448w, http:\/\/www.kokodo-jujutsu.at\/dojo\/wp-content\/uploads\/2025\/08\/kkdfold25-148x210.jpg 148w, http:\/\/www.kokodo-jujutsu.at\/dojo\/wp-content\/uploads\/2025\/08\/kkdfold25-scaled.jpg 1810w\" sizes=\"(max-width: 724px) 100vw, 724px\" \/><\/a><\/figure>\n<\/div><div class=\"tpg-metadata-class\"><span>Kommentare deaktiviert<span class=\"screen-reader-text\"> f\u00fcr Neue Saison<\/span><\/span>&nbsp;&nbsp;|&nbsp;&nbsp;Filed under: <a href=\"http:\/\/www.kokodo-jujutsu.at\/dojo\/category\/allgemein\/\" title=\"View all posts in Allgemein\">Allgemein<\/a>&nbsp;&nbsp;|&nbsp;&nbsp;<b>Tags:<\/b> <a href=\"http:\/\/www.kokodo-jujutsu.at\/dojo\/tag\/featured\/\" title=\"View all posts in featured\">featured<\/a><\/div><\/div><\/div><!-- #tpg-get-posts -->\n<hr>\n<h2 class=\"entry-title\">WILLKOMMEN IM MAKOTO DOJO<\/h2>\n<p><strong>Kokodo Ju Jutsu<\/strong> ist ein traditioneller Aiki Ju Jutsu Stil der lehrt die komplette Kraft eines Angreifers bereits im Ansatz f\u00fcr sich zu nutzen und sie zu neutralisieren um ihn so zu \u00fcberwinden.<\/p>\n<p>Diese Form der Kriegskunst nannte man im alten Japan &#8222;Ju Jutsu&#8220; und hat ihren Ursprung im Daito Ryu der ber\u00fchmten Samuraifamilie Takeda, oft wird diese auch als &#8222;Jiu Jitsu&#8220; bezeichnet was daran liegt dass man die Japanischen Zeichen auf verschiedene Arten ins lateinische Alphabet transkribieren kann &nbsp;.<\/p>\n<p>Kokodo Ju Jutsu lehrt daf\u00fcr Gelenkshebel, Fixierungen, W\u00fcrfe in Spiralbewegungen und ist auch spezialisiert auf Druckpunkte.<br \/>\nDiese Kampfkunst eignet sich daher f\u00fcr alle Personen unabh\u00e4ngig von Alter oder Fitnesslevel da sie in Partner\u00fcbungen der sogenannten Waza unterrichtet wird, die einem genauen Bewungsablauf folgt, der Sch\u00fcler kennt also genau Aktion und Reaktion in einer Technik und kann so seinem Fortschrittsgrad entsprechend die Geschwindigkeit und Genauigkeit anpassen.<br \/>\nDazwischen werden immer auch Varianten der Grundtechniken unterrichtet das sogenannte Henka, die dann auch zur Selbstverteidigung gut genutzt werden k\u00f6nnen.<br \/>\n<a href=\"http:\/\/www.kokodo-jujutsu.at\/dojo\/wp-content\/gallery\/kokodo\/kjj01.jpg\"><img loading=\"lazy\" decoding=\"async\" src=\"http:\/\/www.kokodo-jujutsu.at\/dojo\/wp-content\/gallery\/kokodo\/kjj01.jpg\" alt=\"kjj01\" width=\"172\" height=\"172\"><\/a> <a href=\"http:\/\/www.kokodo-jujutsu.at\/dojo\/wp-content\/gallery\/kokodo\/ivofix.gif\"><img loading=\"lazy\" decoding=\"async\" src=\"http:\/\/www.kokodo-jujutsu.at\/dojo\/wp-content\/gallery\/kokodo\/ivofix.gif\" alt=\"ivofix\" width=\"178\" height=\"171\"><\/a> <a href=\"http:\/\/www.kokodo-jujutsu.at\/dojo\/wp-content\/gallery\/kokodo\/2005-2.jpg\"><img loading=\"lazy\" decoding=\"async\" src=\"http:\/\/www.kokodo-jujutsu.at\/dojo\/wp-content\/gallery\/kokodo\/2005-2.jpg\" alt=\"2005-2\" width=\"168\" height=\"180\"><\/a><\/p>\n<p>In userem Kampfsport Stil gibt es, beruhend auf dem traditionellen System, insgesamt sieben Level die unterrichtet werden, die ersten vier sind die Schwarzgurtebenen Shodan, Nidan, Sandan, Yondan, das heisst bis zum ersten (sho) Dan werden Techniken aus diesem Level gelehrt, danach zus\u00e4tzlich die f\u00fcr den zweiten (ni) Dan usw.<\/p>\n<p>Die letzen zwei sind Shihan Kaiden Shihan \/ Menkyo Kaiden Shihan, diese k\u00f6nnen nur vom Schulgr\u00fcnder im Hombu Dojo in Saitama Omiya Japan gelehrt und verliehen werden.<\/p>\n<p>Die G\u00fcrtelfarbe f\u00fcr diese letzten Grade ist violett, im Kokodo Ju Jutsu ist das das Markenzeichen f\u00fcr den h\u00f6chsten Rang, diese Farbe steht in Japan f\u00fcr Ehre und Treue.<\/p>\n<p>Das Makoto Dojo ist das \u00e4lteste Dojo in \u00d6sterreich dass diesen von Soke Yasuhiro Ire gegr\u00fcndeten Stil seit 1992 unterrichtet, wir sind seit 1994 Mitglied in der Wiener Sportunion, ebenso wie im Kokodo Kyu Shin Kai Verband.<br \/>\nGanz im Sinne der Tradition im Kokodo sind unsere Lehrer vom Schulgr\u00fcnder und&nbsp;den hochgraduierten Shihans ausgebildet und besuchen regelm\u00e4ssig Lehrg\u00e4nge und Trainings im Hombu Dojo Japan, und im Hombu Dojo Europa in Belgien um ihr Wissen zu erweitern und zu intensivieren.<\/p>\n<p><a href=\"http:\/\/www.kokodo-jujutsu.com\/NEWSITE\/setlang.php?lang=uk&amp;redirect_to=\" target=\"_blank\" rel=\"noopener\"><img loading=\"lazy\" decoding=\"async\" title=\"Kokodo Kyu Shin Kai Verband\" src=\"http:\/\/www.kokodo-jujutsu.at\/dojo\/wp-content\/gallery\/kokodo\/waarden.gif\" alt=\"waarden\" width=\"161\" height=\"110\"><\/a> <a href=\"http:\/\/sportunion.at\/de\" target=\"_blank\" rel=\"noopener\"><img loading=\"lazy\" decoding=\"async\" src=\"http:\/\/www.kokodo-jujutsu.at\/dojo\/wp-content\/gallery\/kokodo\/sportunion.gif\" alt=\"sportunion\" width=\"192\" height=\"57\"><\/a><a href=\"http:\/\/www.kokodo-jujutsu.at\/dojo\/wp-content\/gallery\/kokodo\/makotooldsmall.gif\"><img loading=\"lazy\" decoding=\"async\" title=\"Makoto Dojo Logo 1992 - 2011\" src=\"http:\/\/www.kokodo-jujutsu.at\/dojo\/wp-content\/gallery\/kokodo\/makotooldsmall.gif\" alt=\"makotooldsmall\" width=\"121\" height=\"113\"><\/a><\/p>\n<p>Drei Pfeiler von Kokodo &nbsp; &nbsp; &nbsp; &nbsp; &nbsp; &nbsp; &nbsp; &nbsp; &nbsp; &nbsp; &nbsp; &nbsp; &nbsp; &nbsp; &nbsp; &nbsp; &nbsp; &nbsp; &nbsp; &nbsp; &nbsp; &nbsp; &nbsp; &nbsp; &nbsp; &nbsp; &nbsp; &nbsp; &nbsp; &nbsp;Makoto Dojo Logo<br \/>\nKyu Shin Kai &nbsp; &nbsp;<em id=\"__mceDel\">&nbsp; &nbsp; &nbsp; &nbsp; &nbsp; &nbsp; &nbsp; &nbsp; &nbsp; &nbsp; &nbsp; &nbsp; &nbsp; &nbsp; &nbsp; &nbsp; &nbsp; &nbsp; &nbsp; &nbsp; &nbsp; &nbsp; &nbsp; &nbsp; &nbsp; &nbsp; &nbsp; &nbsp; &nbsp; &nbsp; &nbsp; &nbsp; &nbsp; &nbsp; &nbsp; &nbsp; &nbsp; &nbsp; &nbsp;<\/em>1992 &#8211; 2011<\/p>\n","protected":false},"excerpt":{"rendered":"<p>WILLKOMMEN IM MAKOTO DOJO Kokodo Ju Jutsu ist ein traditioneller Aiki Ju Jutsu Stil der lehrt die komplette Kraft eines Angreifers bereits im Ansatz f\u00fcr sich zu nutzen und sie &hellip; <a class=\"readmore\" href=\"http:\/\/www.kokodo-jujutsu.at\/dojo\/news\/\">weiterlesen &rarr;<\/a><\/p>\n","protected":false},"author":1,"featured_media":0,"parent":0,"menu_order":0,"comment_status":"closed","ping_status":"closed","template":"","meta":{"ngg_post_thumbnail":0,"footnotes":""},"_links":{"self":[{"href":"http:\/\/www.kokodo-jujutsu.at\/dojo\/wp-json\/wp\/v2\/pages\/208"}],"collection":[{"href":"http:\/\/www.kokodo-jujutsu.at\/dojo\/wp-json\/wp\/v2\/pages"}],"about":[{"href":"http:\/\/www.kokodo-jujutsu.at\/dojo\/wp-json\/wp\/v2\/types\/page"}],"author":[{"embeddable":true,"href":"http:\/\/www.kokodo-jujutsu.at\/dojo\/wp-json\/wp\/v2\/users\/1"}],"replies":[{"embeddable":true,"href":"http:\/\/www.kokodo-jujutsu.at\/dojo\/wp-json\/wp\/v2\/comments?post=208"}],"version-history":[{"count":43,"href":"http:\/\/www.kokodo-jujutsu.at\/dojo\/wp-json\/wp\/v2\/pages\/208\/revisions"}],"predecessor-version":[{"id":1684,"href":"http:\/\/www.kokodo-jujutsu.at\/dojo\/wp-json\/wp\/v2\/pages\/208\/revisions\/1684"}],"wp:attachment":[{"href":"http:\/\/www.kokodo-jujutsu.at\/dojo\/wp-json\/wp\/v2\/media?parent=208"}],"curies":[{"name":"wp","href":"https:\/\/api.w.org\/{rel}","templated":true}]}}