{"id":4,"date":"2013-01-12T20:41:22","date_gmt":"2013-01-12T18:41:22","guid":{"rendered":"http:\/\/www.kokodo-jujutsu.at\/dojo\/?page_id=4"},"modified":"2026-04-22T10:50:05","modified_gmt":"2026-04-22T08:50:05","slug":"geschichte","status":"publish","type":"page","link":"http:\/\/www.kokodo-jujutsu.at\/dojo\/geschichte\/","title":{"rendered":"GESCHICHTE"},"content":{"rendered":"<div id=\"fb-root\"><\/div>\n<p>Die Geschichte des Jiu Jitsu geht wohl bis ins erste oder zweite Jahrtausend vor unsrer Zeitrechnung zur\u00fcck, seine Bl\u00fctezeit begann aber erst im 16. bis 19. Jahrhundert wo auch der Name entstand. Es gibt viele Schreibweisen oder Benennungen der wafffenlosen Kampfkunst der Krieger wie Ju Jutsu, Ju Jitsu, Tai Jutsu, Yawara&#8230;<br \/>\nEs entstanden viele sogenannte Ryus, also Schulen oder Systeme inerhalb einzelner Familienclans.<\/p>\n<p><img decoding=\"async\" class=\"ngg-singlepic ngg-none\" src=\"http:\/\/www.kokodo-jujutsu.at\/dojo\/wp-content\/gallery\/flags\/daitoryu-1.gif\" alt=\"daitoryu-1\"><\/p>\n<p>Das Daito Ryu, sozusagen der Grundstein des Kokodo und allen anderen Aikido und Aiki Ju Jutsu Stilen, war die Schule der lange Zeit erfolgreichsten und m\u00e4chtigsten Familie im feudalen Japan.<br \/>\nIm 19. Jahrhundert wurde der Stil dann an Takeda Sokaku einem begabten Schwertk\u00e4mpfer und Leibw\u00e4chter des damaligem Familienoberhauptes der Daito Ryu Saigo Tanomo Chikamasa weitergegeben, dieser erweiterte und verbesserte das System, er\u00f6ffnete ein Dojo und lehrte dort Daito Ryu Aiki Ju Jutsu.<\/p>\n<p>Zwei seiner Sch\u00fcler waren Morihei Ueshiba, der Gr\u00fcnder des Aikido und Ryuho Okuyama der Begr\u00fcnder des Hakko Ryu<\/p>\n<p><img loading=\"lazy\" decoding=\"async\" class=\"ngg-singlepic ngg-none\" src=\"http:\/\/www.kokodo-jujutsu.at\/dojo\/wp-content\/gallery\/flags\/hakko-1.gif\" alt=\"hakko-1\" width=\"66\" height=\"63\"><\/p>\n<p>Hakko Ryu (die Schule des achten Lichts), ist eine Weiterf\u00fchrung des Daito Ryu durch Ryuho Okuyama. Dieser reiste, zus\u00e4tzlich zu seinen Studien im Daito Ryu, sehr viel in Japan herum, um seine Kampfkunst zu perfektionieren und sich auch einige Kenntnisse in den bewafneten K\u00fcnsten anzueignen. Okuyama meisterte auch die Lehren der Meridiantheraphie und des Shiatsu ngg_shortcode_0_placeholder(Fingerdruck Behandlung) und baute dieses in seinen Kampfstil ein. Mit 40 Jahren verliess er Daito Ryu und gr\u00fcndete seine eigene Schule das Hakko Ryu.<\/p>\n<p><em id=\"__mceDel\"> <img loading=\"lazy\" decoding=\"async\" src=\"http:\/\/www.kokodo-jujutsu.at\/dojo\/wp-content\/gallery\/flags\/emon.gif\" alt=\"emon\" width=\"66\" height=\"63\"><\/em><\/p>\n<p>Kokodo Ju Jutsu wurde von Irie Yasuhiro&nbsp;gegr\u00fcndet nachdem er 1993 das Hakko Ryu Hombu Dojo als Shihan im h\u00f6chten Rang (Menkyo Kaiden San Dai Kichu) verliess.<br \/>\nEr kreierte seinen eigenen Stil des Jiu Jitsu indem er das Aiki Prinzip, also einen Weg der &#8222;angemessen Kraft&#8220; im Sinne des mitgehens mit, und nicht gegen den Gegner bzw. dessen Kraft, noch mehr einband.<br \/>\nDas Ziel war es durch die traditonelle Kampfkunst trotzdem ein modernes und zeitgem\u00e4sses Budo System zu haben.<br \/>\n1990 er\u00f6ffnete Soke Irie seine Kokodo Klinik f\u00fcr Shiatsu und Akkupunktur.<br \/>\n1995 startete er dann seinen eigenes Dojo im Stil des Kokodo Ju Jutsu und ist somit der erste (Shodai) Soke (Gr\u00fcnder) von Kokodo Jiu Jitsu.<\/p>\n<p><img loading=\"lazy\" decoding=\"async\" class=\"ngg-singlepic ngg-left alignleft\" style=\"margin-right: 10px;\" src=\"http:\/\/www.kokodo-jujutsu.at\/dojo\/wp-content\/gallery\/flags\/kokodokyushinkai.gif\" alt=\"kokodokyushinkai\" width=\"72\" height=\"301\"><\/p>\n<p>Kokodo Kyu Shin Kai (Die Schule um das Herz des Kokodo zu verstehen)ist ein Verband von Kokodo Dojos<br \/>\nauf der ganzen Welt, er wurde von drei Shinas gegr\u00fcndet die den gleichen Weg beschreiten wollten, n\u00e4mlich<br \/>\ndas traditionelle Ju Jutsu mit Werten wie Freundschaft, Respekt und Harmonie zu verbinden.<br \/>\nEr wurde am 30. M\u00e4rz 2005 ins Leben gerufen um die Kampfkunst des Kokodo genau und bewusst im Stil von Irie&nbsp;Soke zu lehren und zu verbreiten. Um das erreichen zu k\u00f6nnen trainieren sie regelm\u00e4ssig mit im Hombu Dojo in Japan und veranstalten Lehrg\u00e4nge (Tai Kai) und Gasttrainings in Dojos weltweit.<br \/>\nDie Gr\u00fcnder sind (von rechts nach links) Etienne Beynaerts Hanshi, Ivo Belmans Sohanshi und Erik Melotte Hanshi.<\/p>\n<p><img loading=\"lazy\" decoding=\"async\" class=\"ngg-singlepic ngg-none\" src=\"http:\/\/www.kokodo-jujutsu.at\/dojo\/wp-content\/gallery\/kokodo\/foundersw.jpg\" alt=\"foundersw\" width=\"360\" height=\"272\"><\/p>\n<p><span style=\"text-decoration: underline;\"><strong><a href=\"#top\">^ANFANG^<\/a><\/strong><\/span><\/p>\n","protected":false},"excerpt":{"rendered":"<p>Die Geschichte des Jiu Jitsu geht wohl bis ins erste oder zweite Jahrtausend vor unsrer Zeitrechnung zur\u00fcck, seine Bl\u00fctezeit begann aber erst im 16. bis 19. Jahrhundert wo auch der &hellip; <a class=\"readmore\" href=\"http:\/\/www.kokodo-jujutsu.at\/dojo\/geschichte\/\">weiterlesen &rarr;<\/a><\/p>\n","protected":false},"author":1,"featured_media":0,"parent":0,"menu_order":0,"comment_status":"closed","ping_status":"closed","template":"","meta":{"ngg_post_thumbnail":0,"footnotes":""},"_links":{"self":[{"href":"http:\/\/www.kokodo-jujutsu.at\/dojo\/wp-json\/wp\/v2\/pages\/4"}],"collection":[{"href":"http:\/\/www.kokodo-jujutsu.at\/dojo\/wp-json\/wp\/v2\/pages"}],"about":[{"href":"http:\/\/www.kokodo-jujutsu.at\/dojo\/wp-json\/wp\/v2\/types\/page"}],"author":[{"embeddable":true,"href":"http:\/\/www.kokodo-jujutsu.at\/dojo\/wp-json\/wp\/v2\/users\/1"}],"replies":[{"embeddable":true,"href":"http:\/\/www.kokodo-jujutsu.at\/dojo\/wp-json\/wp\/v2\/comments?post=4"}],"version-history":[{"count":37,"href":"http:\/\/www.kokodo-jujutsu.at\/dojo\/wp-json\/wp\/v2\/pages\/4\/revisions"}],"predecessor-version":[{"id":1909,"href":"http:\/\/www.kokodo-jujutsu.at\/dojo\/wp-json\/wp\/v2\/pages\/4\/revisions\/1909"}],"wp:attachment":[{"href":"http:\/\/www.kokodo-jujutsu.at\/dojo\/wp-json\/wp\/v2\/media?parent=4"}],"curies":[{"name":"wp","href":"https:\/\/api.w.org\/{rel}","templated":true}]}}