{"id":51,"date":"2013-01-13T17:48:33","date_gmt":"2013-01-13T15:48:33","guid":{"rendered":"http:\/\/www.kokodo-jujutsu.at\/dojo\/?page_id=51"},"modified":"2025-04-15T08:40:55","modified_gmt":"2025-04-15T06:40:55","slug":"pat","status":"publish","type":"page","link":"http:\/\/www.kokodo-jujutsu.at\/dojo\/training\/trainer\/pat\/","title":{"rendered":"PATRICK"},"content":{"rendered":"<div id=\"fb-root\"><\/div>\n<p><img decoding=\"async\" class=\"ngg-singlepic ngg-left alignleft\" src=\"http:\/\/www.kokodo-jujutsu.at\/dojo\/wp-content\/gallery\/kokodo\/imag3655.jpg\" alt=\"OLYMPUS DIGITAL CAMERA\" height=\"208\">Patrick Wagner-Draxler begann sein traditionelles Budo 1995 mit Aikido (nach vorherigen Erfahrungen im Judo, Karate und Tae Kwon Do), auf der Suche nach dessen Urspr\u00fcngen kam er 1999 bei einem Lehrgang in Pinkafeld in Kontakt mit Shihan Johnny Lenskens und dem Hakko Ryu.<\/p>\n<p>Er war begeistert von den augenscheinlichen \u00c4hnlichkeiten dieses Jiu Stils und dem Aikido, und traf dort dann auch Rudolf Gr\u00e4f Sensei .<\/p>\n<p>Er wurde sein Sch\u00fcler und begleitete seinen Lehrer auch oft nach Belgien um vom Soke und den Shihans die K\u00fcnste des Kokodo Ju Jutsu zu lernen.<\/p>\n<p>2015 wurde er nach erfolgreicher Pr\u00fcfung von der Shihan Komission zum Shodan graduiert.<\/p>\n<p>Im Februar 2017 legte er vor Ivo Kyoshi, Rudi Gr\u00e4f Shihan und anderen Shihan und Kaiden Shihan erfolgreich die Pr\u00fcfung zum zweiten Dan ab.<\/p>\n<p>M\u00e4rz 2024 hat er die Pr\u00fcfung zum dritten Dan bestanden.<\/p>\n<p>Als h\u00f6chstgraduierter Sch\u00fcler unterst\u00fctzt er die Lehrer im Makoto Dojo beim Halten des Trainings .<\/p>\n","protected":false},"excerpt":{"rendered":"<p>Patrick Wagner-Draxler begann sein traditionelles Budo 1995 mit Aikido (nach vorherigen Erfahrungen im Judo, Karate und Tae Kwon Do), auf der Suche nach dessen Urspr\u00fcngen kam er 1999 bei einem &hellip; <a class=\"readmore\" href=\"http:\/\/www.kokodo-jujutsu.at\/dojo\/training\/trainer\/pat\/\">weiterlesen &rarr;<\/a><\/p>\n","protected":false},"author":2,"featured_media":0,"parent":9,"menu_order":0,"comment_status":"open","ping_status":"closed","template":"","meta":{"ngg_post_thumbnail":0,"footnotes":""},"_links":{"self":[{"href":"http:\/\/www.kokodo-jujutsu.at\/dojo\/wp-json\/wp\/v2\/pages\/51"}],"collection":[{"href":"http:\/\/www.kokodo-jujutsu.at\/dojo\/wp-json\/wp\/v2\/pages"}],"about":[{"href":"http:\/\/www.kokodo-jujutsu.at\/dojo\/wp-json\/wp\/v2\/types\/page"}],"author":[{"embeddable":true,"href":"http:\/\/www.kokodo-jujutsu.at\/dojo\/wp-json\/wp\/v2\/users\/2"}],"replies":[{"embeddable":true,"href":"http:\/\/www.kokodo-jujutsu.at\/dojo\/wp-json\/wp\/v2\/comments?post=51"}],"version-history":[{"count":17,"href":"http:\/\/www.kokodo-jujutsu.at\/dojo\/wp-json\/wp\/v2\/pages\/51\/revisions"}],"predecessor-version":[{"id":1864,"href":"http:\/\/www.kokodo-jujutsu.at\/dojo\/wp-json\/wp\/v2\/pages\/51\/revisions\/1864"}],"up":[{"embeddable":true,"href":"http:\/\/www.kokodo-jujutsu.at\/dojo\/wp-json\/wp\/v2\/pages\/9"}],"wp:attachment":[{"href":"http:\/\/www.kokodo-jujutsu.at\/dojo\/wp-json\/wp\/v2\/media?parent=51"}],"curies":[{"name":"wp","href":"https:\/\/api.w.org\/{rel}","templated":true}]}}