{"id":66,"date":"2013-01-13T19:30:26","date_gmt":"2013-01-13T17:30:26","guid":{"rendered":"http:\/\/www.kokodo-jujutsu.at\/dojo\/?page_id=66"},"modified":"2013-02-04T00:08:21","modified_gmt":"2013-02-03T22:08:21","slug":"irie","status":"publish","type":"page","link":"http:\/\/www.kokodo-jujutsu.at\/dojo\/training\/trainer\/irie\/","title":{"rendered":"IRIE"},"content":{"rendered":"<div id=\"fb-root\"><\/div>\n<p><img loading=\"lazy\" decoding=\"async\" class=\"ngg-singlepic ngg-left alignleft\" alt=\"kimono-irie-sensei\" src=\"http:\/\/www.kokodo-jujutsu.at\/dojo\/wp-content\/gallery\/kokodo\/kimono-irie-sensei.jpg\" width=\"190\" height=\"263\" \/>Der Gr\u00fcnder des Kokodo Ju Jutsu lernte die K\u00fcnste des Hakko Ryu unter dem Schulgr\u00fcnder Ryuho Okuyama ab 1969.<br \/>\nBereits 1971 wurde ihm der Shihan Rang verliehen. Als ausgezeichneter Sch\u00fcler wurde er der Hauptlehrer im Hakko Ryu Hombu Dojo, wo er 1977 den h\u00f6chsten Grad verliehen bekam Menkyo Kaiden Sandai Kichu, ebenso wie den Ehrentiel &#8222;Jodai&#8220; (es ist ein alter Titel der soviel wie Wert des Schlosses bedeutet).In seiner \u00fcber zwanzig Jahre w\u00e4hrenden Zeit als Haupttrainer im Hakko Ryu So Hombu Dojo bem\u00fchte sich Irie Sensei die Kampfkunst zu verbreiten, so kamen viele Leute aus den USA oder Europa zum ihm und er wurde ihr Hauptlehrer.<br \/>\n1993 verliess er das Hakko Ryu um sein Kokodo (der Weg des kaiserlichen Lichts = violett) zu gr\u00fcnden und hat nun bereits \u00fcber 30 Schulen in \u00fcber zw\u00f6lf L\u00e4ndern weltweit und ist immer versucht seine Begeisterung und sein K\u00f6nnen weiterzugeben<\/p>\n","protected":false},"excerpt":{"rendered":"<p>Der Gr\u00fcnder des Kokodo Ju Jutsu lernte die K\u00fcnste des Hakko Ryu unter dem Schulgr\u00fcnder Ryuho Okuyama ab 1969. Bereits 1971 wurde ihm der Shihan Rang verliehen. Als ausgezeichneter Sch\u00fcler &hellip; <a class=\"readmore\" href=\"http:\/\/www.kokodo-jujutsu.at\/dojo\/training\/trainer\/irie\/\">weiterlesen &rarr;<\/a><\/p>\n","protected":false},"author":2,"featured_media":0,"parent":9,"menu_order":0,"comment_status":"open","ping_status":"open","template":"","meta":{"ngg_post_thumbnail":0,"footnotes":""},"_links":{"self":[{"href":"http:\/\/www.kokodo-jujutsu.at\/dojo\/wp-json\/wp\/v2\/pages\/66"}],"collection":[{"href":"http:\/\/www.kokodo-jujutsu.at\/dojo\/wp-json\/wp\/v2\/pages"}],"about":[{"href":"http:\/\/www.kokodo-jujutsu.at\/dojo\/wp-json\/wp\/v2\/types\/page"}],"author":[{"embeddable":true,"href":"http:\/\/www.kokodo-jujutsu.at\/dojo\/wp-json\/wp\/v2\/users\/2"}],"replies":[{"embeddable":true,"href":"http:\/\/www.kokodo-jujutsu.at\/dojo\/wp-json\/wp\/v2\/comments?post=66"}],"version-history":[{"count":7,"href":"http:\/\/www.kokodo-jujutsu.at\/dojo\/wp-json\/wp\/v2\/pages\/66\/revisions"}],"predecessor-version":[{"id":172,"href":"http:\/\/www.kokodo-jujutsu.at\/dojo\/wp-json\/wp\/v2\/pages\/66\/revisions\/172"}],"up":[{"embeddable":true,"href":"http:\/\/www.kokodo-jujutsu.at\/dojo\/wp-json\/wp\/v2\/pages\/9"}],"wp:attachment":[{"href":"http:\/\/www.kokodo-jujutsu.at\/dojo\/wp-json\/wp\/v2\/media?parent=66"}],"curies":[{"name":"wp","href":"https:\/\/api.w.org\/{rel}","templated":true}]}}