{"id":7,"date":"2013-01-12T20:41:45","date_gmt":"2013-01-12T18:41:45","guid":{"rendered":"http:\/\/www.kokodo-jujutsu.at\/dojo\/?page_id=7"},"modified":"2025-09-02T10:41:02","modified_gmt":"2025-09-02T08:41:02","slug":"training","status":"publish","type":"page","link":"http:\/\/www.kokodo-jujutsu.at\/dojo\/training\/","title":{"rendered":"TRAINING"},"content":{"rendered":"<div id=\"fb-root\"><\/div>\n<p>&nbsp;<\/p>\n<p style=\"text-align: left;\">Montag 8:15<br \/>\nSchule &#8211; Anastasius Gr\u00fcn Gasse 10<br \/>\nGymnastiksaal 3. Stock&nbsp;<br \/>\n1180 Wien<br \/>\n(an schulfreien Tagen geschlossen)<\/p>\n<p><iframe loading=\"lazy\" style=\"background-image: url('..\/..\/img\/iframe.gif');\" src=\"http:\/\/maps.google.com\/maps?f=q&amp;source=s_q&amp;hl=en&amp;geocode=&amp;q=Anastasius-Gr%C3%BCn-Gasse+10,+Vienna,+Austria&amp;aq=0&amp;oq=anastasius+gr%C3%BCn+gasse+10&amp;sll=37.0625,-95.677068&amp;sspn=53.035373,86.044922&amp;ie=UTF8&amp;hq=&amp;hnear=Anastasius-Gr%C3%BCn-Gasse+10,+W%C3%A4hring+1180+Wien,+Austria&amp;t=m&amp;z=14&amp;ll=48.230216,16.348431&amp;output=embed\" width=\"200\" height=\"200\" frameborder=\"0\" marginwidth=\"0\" marginheight=\"0\" scrolling=\"no\"><\/iframe><\/p>\n<p>Dienstag 18:30<br \/>\nKMS &#8211; Kn\u00f6llgasse 61<br \/>\nTurnsaal 1.Stock<br \/>\n1100 Wien<br \/>\n(an schulfreien Tagen geschlossen)<\/p>\n<p><iframe loading=\"lazy\" style=\"background-image: url('..\/..\/img\/iframe.gif');\" src=\"https:\/\/maps.google.at\/maps?f=q&amp;source=s_q&amp;hl=en&amp;geocode=&amp;q=Volksschule+Kn%C3%B6llgasse+%E2%80%93+Kn%C3%B6lli,+Kn%C3%B6llgasse,+Vienna&amp;aq=1&amp;oq=kn%C3%B6llgasse&amp;sll=48.220685,16.38006&amp;sspn=0.161036,0.441513&amp;ie=UTF8&amp;hq=Volksschule+Kn%C3%B6llgasse+%E2%80%93+Kn%C3%B6lli,+Kn%C3%B6llgasse,+Vienna&amp;t=m&amp;ll=48.171695,16.352549&amp;spn=0.005724,0.00854&amp;z=15&amp;iwloc=A&amp;output=embed\" width=\"200\" height=\"200\" frameborder=\"0\" marginwidth=\"0\" marginheight=\"0\" scrolling=\"no\"><\/iframe><\/p>\n<p><span style=\"line-height: 1.5em;\">Donnerstag 18:30<br \/>\n<\/span><span style=\"line-height: 1.5em;\">Volksschule Johnstrasse 40<br \/>\n<\/span><span style=\"line-height: 1.5em;\">1150 Wien<br \/>\n(an schulfreien Tagen geschlossen)<br \/>\n<\/span><\/p>\n<p><iframe loading=\"lazy\" style=\"border: 0;\" src=\"https:\/\/www.google.com\/maps\/embed?pb=!1m18!1m12!1m3!1d2659.4893419334167!2d16.316625565789295!3d48.197189754985786!2m3!1f0!2f0!3f0!3m2!1i1024!2i768!4f13.1!3m3!1m2!1s0x476da801da7591e7%3A0xbe31db56eb9b11a8!2sJohnstra%C3%9Fe+40%2C+1150+Wien!5e0!3m2!1sen!2sat!4v1445518262246\" width=\"200\" height=\"200\" frameborder=\"0\" allowfullscreen=\"allowfullscreen\"><\/iframe><\/p>\n<p><span style=\"line-height: 1.5em;\">Man kann jederzeit einsteigen und auch eine Woche( drei Trainings) kostenlos mittrainieren. Danach einfach&nbsp;das ausgef\u00fcllte&nbsp;<a title=\"Beitrittsformular\" href=\"http:\/\/www.kokodo-jujutsu.at\/dojo\/wp-content\/uploads\/2018\/09\/Beitrittserklaerung.pdf\">Beitrittsformular&nbsp;<\/a>zum n\u00e4chsten Training mitnehmen.<\/span><\/p>\n<p><span style=\"line-height: 1.5em;\"> Die Vereinsgeb\u00fchr betr\u00e4gt \u20ac270 im Jahr darin inkludiert ist der Besuch aller Trainings und der Verbandsbeitrag f\u00fcr Kokodo Kyu Shin Kai, es gibt auch die M\u00f6glichkeit um den erm\u00e4ssigten Beitrag (135\u20ac im Jahr) anzusuchen, und auch Einzeleinheiten zu 10 \u20ac k\u00f6nnen gebucht werden. Als speziellen Anreiz seine Freunde mitzubringen: Wer ein neues Mitglied werben kann bekommt als Belohnung drei Monate Vereinsbeitrag erlassen.<br \/>\n<\/span><\/p>\n<p><span style=\"line-height: 1.5em;\">&nbsp;<\/span><\/p>\n","protected":false},"excerpt":{"rendered":"<p>&nbsp; Montag 8:15 Schule &#8211; Anastasius Gr\u00fcn Gasse 10 Gymnastiksaal 3. Stock&nbsp; 1180 Wien (an schulfreien Tagen geschlossen) Dienstag 18:30 KMS &#8211; Kn\u00f6llgasse 61 Turnsaal 1.Stock 1100 Wien (an schulfreien &hellip; <a class=\"readmore\" href=\"http:\/\/www.kokodo-jujutsu.at\/dojo\/training\/\">weiterlesen &rarr;<\/a><\/p>\n","protected":false},"author":1,"featured_media":0,"parent":0,"menu_order":0,"comment_status":"closed","ping_status":"closed","template":"","meta":{"ngg_post_thumbnail":0,"footnotes":""},"_links":{"self":[{"href":"http:\/\/www.kokodo-jujutsu.at\/dojo\/wp-json\/wp\/v2\/pages\/7"}],"collection":[{"href":"http:\/\/www.kokodo-jujutsu.at\/dojo\/wp-json\/wp\/v2\/pages"}],"about":[{"href":"http:\/\/www.kokodo-jujutsu.at\/dojo\/wp-json\/wp\/v2\/types\/page"}],"author":[{"embeddable":true,"href":"http:\/\/www.kokodo-jujutsu.at\/dojo\/wp-json\/wp\/v2\/users\/1"}],"replies":[{"embeddable":true,"href":"http:\/\/www.kokodo-jujutsu.at\/dojo\/wp-json\/wp\/v2\/comments?post=7"}],"version-history":[{"count":26,"href":"http:\/\/www.kokodo-jujutsu.at\/dojo\/wp-json\/wp\/v2\/pages\/7\/revisions"}],"predecessor-version":[{"id":1801,"href":"http:\/\/www.kokodo-jujutsu.at\/dojo\/wp-json\/wp\/v2\/pages\/7\/revisions\/1801"}],"wp:attachment":[{"href":"http:\/\/www.kokodo-jujutsu.at\/dojo\/wp-json\/wp\/v2\/media?parent=7"}],"curies":[{"name":"wp","href":"https:\/\/api.w.org\/{rel}","templated":true}]}}